{"id":4,"date":"2010-07-02T06:17:40","date_gmt":"2010-07-02T06:17:40","guid":{"rendered":"http:\/\/jias.euke.sk\/?page_id=4"},"modified":"2026-04-09T10:26:37","modified_gmt":"2026-04-09T08:26:37","slug":"redakcia","status":"publish","type":"page","link":"https:\/\/jias.euke.sk\/?page_id=4","title":{"rendered":"Redakcia"},"content":{"rendered":"<p style=\"text-align: left;\"><strong>Redak\u010dn\u00e1 rada<\/strong><\/p>\n<p style=\"text-align: left;\"><strong>Predseda<\/strong><\/p>\n<p style=\"text-align: left;\">Dr. h. c. prof. RNDr. Michal Tk\u00e1\u010d, CSc. [Ekonomick\u00e1 univerzita v Bratislave]<\/p>\n<p style=\"text-align: left;\"><strong>\u010clenovia rady<\/strong><\/p>\n<p style=\"text-align: left;\">prof. Ing. Iveta Hajd\u00fachov\u00e1, PhD. [Technick\u00e1 univerzita vo Zvolene]<br \/>\nprof. Ing. Jaroslava K\u00e1d\u00e1rov\u00e1, PhD. [Technick\u00e1 univerzita v Ko\u0161iciach]<br \/>\nprof. Ing. Jozef Svetl\u00edk, PhD. [Technick\u00e1 univerzita v Ko\u0161iciach]<br \/>\ndoc. Ing. Barbora Gontkovi\u010dov\u00e1, PhD. [Ekonomick\u00e1 univerzita v Bratislave]<br \/>\ndoc. Ing. Jozef\u00edna Hvastov\u00e1, PhD. [Ekonomick\u00e1 univerzita v Bratislave]<br \/>\ndoc. PhDr. M\u00e1ria Ria Jano\u0161kov\u00e1, PhD. [Ekonomick\u00e1 univerzita v Bratislave]<br \/>\ndoc. Ing. Jozef Luk\u00e1\u010d PhD. [Ekonomick\u00e1 univerzita v Bratislave]<br \/>\ndoc. Ing. Silvia Megyesiov\u00e1, PhD. [Ekonomick\u00e1 univerzita v Bratislave]<br \/>\ndoc. Ing. Michal Tk\u00e1\u010d, PhD. [Ekonomick\u00e1 univerzita v Bratislave]<br \/>\ndoc. Ing. Ren\u00e1ta Turisov\u00e1, PhD. [Technick\u00e1 univerzita v Ko\u0161iciach]<br \/>\ndoc. PhDr. Ing. Robert Verner, PhD., MBA [Ekonomick\u00e1 univerzita v Bratislave]<\/p>\n<p style=\"text-align: left;\"><strong>Zahrani\u010dn\u00ed \u010dlenovia<\/strong><\/p>\n<p style=\"text-align: left;\">dr in\u017c. Marcin Zawada [Technical University of Cz\u0119stochowa, Poland]<br \/>\ndoc. Ing. \u0160\u00e1rka Vilamov\u00e1, Ph.D. [Technick\u00e1 univerzita Ostrava, Czech Republic]<br \/>\nProf. P. Cz. dr hab. Marek Szajt [Technical University of Cz\u0119stochowa, Poland]<br \/>\nProf. dr.hab. Iryna Reshetnikova [State University \u201cKyiv Aviation Institute\u201d, Ukraine]<\/p>\n<p style=\"text-align: left;\"><strong>\u0160\u00e9fredaktor<\/strong><\/p>\n<p style=\"text-align: left;\">Ing. Matej Hud\u00e1k, PhD.<\/p>\n<p style=\"text-align: left;\"><span style=\"font-weight: bold;\">Vyd\u00e1va<\/span><\/p>\n<p style=\"text-align: left;\">Ekonomick\u00e1 univerzita v Bratislave<br \/>\nPodnikovohospod\u00e1rska fakulta so s\u00eddlom v Ko\u0161iciach<br \/>\nKatedra kvantitat\u00edvnych met\u00f3d<br \/>\nTajovsk\u00e9ho 11<br \/>\n041 30\u00a0 Ko\u0161ice<\/p>\n<p style=\"text-align: left;\"><strong>Vydanie<\/strong><\/p>\n<p style=\"text-align: left;\">internetov\u00fd \u010dasopis: <em>https:\/\/jias.euke.sk\/<br \/>\n<\/em><strong>ISSN <strong>1338-5224<\/strong><\/strong><\/p>\n","protected":false},"excerpt":{"rendered":"<p>Redak\u010dn\u00e1 rada Predseda Dr. h. c. prof. RNDr. Michal Tk\u00e1\u010d, CSc. [Ekonomick\u00e1 univerzita v Bratislave] \u010clenovia rady prof. Ing. Iveta Hajd\u00fachov\u00e1, PhD. [Technick\u00e1 univerzita vo Zvolene] prof. Ing. Jaroslava K\u00e1d\u00e1rov\u00e1, PhD. [Technick\u00e1 univerzita v Ko\u0161iciach] prof. Ing. Jozef Svetl\u00edk, PhD. [Technick\u00e1 univerzita v Ko\u0161iciach] doc. Ing. Barbora Gontkovi\u010dov\u00e1, PhD. [Ekonomick\u00e1 univerzita v Bratislave] doc. Ing. [&hellip;]<\/p>\n","protected":false},"author":1,"featured_media":0,"parent":0,"menu_order":2,"comment_status":"closed","ping_status":"open","template":"","meta":{"footnotes":""},"class_list":["post-4","page","type-page","status-publish","hentry"],"_links":{"self":[{"href":"https:\/\/jias.euke.sk\/index.php?rest_route=\/wp\/v2\/pages\/4","targetHints":{"allow":["GET"]}}],"collection":[{"href":"https:\/\/jias.euke.sk\/index.php?rest_route=\/wp\/v2\/pages"}],"about":[{"href":"https:\/\/jias.euke.sk\/index.php?rest_route=\/wp\/v2\/types\/page"}],"author":[{"embeddable":true,"href":"https:\/\/jias.euke.sk\/index.php?rest_route=\/wp\/v2\/users\/1"}],"replies":[{"embeddable":true,"href":"https:\/\/jias.euke.sk\/index.php?rest_route=%2Fwp%2Fv2%2Fcomments&post=4"}],"version-history":[{"count":27,"href":"https:\/\/jias.euke.sk\/index.php?rest_route=\/wp\/v2\/pages\/4\/revisions"}],"predecessor-version":[{"id":18942,"href":"https:\/\/jias.euke.sk\/index.php?rest_route=\/wp\/v2\/pages\/4\/revisions\/18942"}],"wp:attachment":[{"href":"https:\/\/jias.euke.sk\/index.php?rest_route=%2Fwp%2Fv2%2Fmedia&parent=4"}],"curies":[{"name":"wp","href":"https:\/\/api.w.org\/{rel}","templated":true}]}}