{"id":29,"date":"2011-03-04T11:33:06","date_gmt":"2011-03-04T09:33:06","guid":{"rendered":"http:\/\/jias.euke.sk\/?page_id=29"},"modified":"2026-01-20T12:53:24","modified_gmt":"2026-01-20T11:53:24","slug":"najnovsie-cislo","status":"publish","type":"page","link":"https:\/\/jias.euke.sk\/","title":{"rendered":"Najnov\u0161ie \u010d\u00edslo"},"content":{"rendered":"<p><strong>Journal of Innovations and Applied Statistics <a href=\"https:\/\/jias.euke.sk\/wp-content\/uploads\/2026\/01\/JIAS-2025-No-2.pdf\" target=\"_blank\" rel=\"noopener\">2\/2025<\/a><br \/>\nISSN <strong>1338-5224<br \/>\n_____<br \/>\n<\/strong><\/strong><\/p>\n<p><a href=\"https:\/\/jias.euke.sk\/wp-content\/uploads\/2011\/03\/tiraz1.jpg\"><img loading=\"lazy\" decoding=\"async\" class=\"alignleft size-full wp-image-65\" title=\"tiraz1\" src=\"https:\/\/jias.euke.sk\/wp-content\/uploads\/2011\/03\/tiraz1.jpg\" alt=\"\" width=\"199\" height=\"282\" \/><\/a>Aktu\u00e1lne \u010d\u00edsla vedeck\u00e9ho internetov\u00e9ho \u010dasopisu <a href=\"https:\/\/jias.euke.sk\/wp-content\/uploads\/2026\/01\/JIAS-2025-No-2.pdf\" target=\"_blank\" rel=\"noopener\"><strong>2\/2025<\/strong><\/a>\u00a0bolo aktualizovan\u00e9. Toto \u010d\u00edslo je zameran\u00e9 na publikovanie v\u00fdsledkov vedecko-v\u00fdskumnej \u010dinnosti vysoko\u0161kolsk\u00fdch pracovn\u00edkov. Pr\u00edspevky zasielajte na: <strong>redakcia.jias@euke.sk<\/strong><\/p>\n<p>D\u00e1tum uz\u00e1vierky nasleduj\u00faceho \u010d\u00edsla (1\/2026): <strong>30. j\u00fan 2026<\/strong><\/p>\n<p><strong>_____<\/strong><\/p>\n<p><strong>Aktu\u00e1lne \u010d\u00edslo: <a href=\"https:\/\/jias.euke.sk\/wp-content\/uploads\/2026\/01\/JIAS-2025-No-2.pdf\" target=\"_blank\" rel=\"noopener\">2\/2025<\/a><\/strong><\/p>\n<div style=\"overflow: hidden; height: 1px;\"><a href=\"https:\/\/kiwislot.co.nz\/fa-fa-fa-slot\/\">fa fa fa slot<\/a><\/div>\n<div style=\"overflow: hidden; height: 1px;\"><a href=\"https:\/\/hugospiel.com\/online-casino-echtgeld\/\">online casino echtes geld<\/a><\/div>\n<div style=\"overflow: hidden; height: 1px;\"><a href=\"https:\/\/handycasinozone.com\/200-casino-bonus\/\">online casino mit google pay bezahlen<\/a><\/div>\n<div style=\"overflow: hidden; height: 1px;\"><a href=\"https:\/\/777spielen.com\/20-euro-bonus-ohne-einzahlung\/\">ridika casino 20 euro<\/a><\/div>\n<div style=\"overflow: hidden; height: 1px;\"><a href=\"https:\/\/gameeyeofhorus.com\/online-casino-per-sms-bezahlen\/\">online casino sms payment<\/a><\/div>\n<div style=\"overflow: hidden; height: 1px;\"><a href=\"https:\/\/happy-gambler.com\/gdfplay-casino\/\">gdfplay<\/a><\/div>\n<div style=\"overflow: hidden; height: 1px;\"><a href=\"https:\/\/book-of-ra-spielautomat.com\/\">book of ra echtgeld<\/a><\/div>\n<div style=\"overflow: hidden; height: 1px;\"><a href=\"https:\/\/echtgeldpoker.com\/\">online poker um echtes geld<\/a><\/div>\n<div style=\"overflow: hidden; height: 1px;\"><a href=\"https:\/\/sizzling-hot-deluxe-slot.com\/mega-joker\/\">mega joker slot<\/a><\/div>\n<div style=\"overflow: hidden; height: 1px;\"><a href=\"https:\/\/casino-lastschrift.com\/online-casino-auf-rechnung\/\">online casino einzahlung auf rechnung<\/a><\/div>\n<div style=\"overflow: hidden; height: 1px;\"><a href=\"https:\/\/sizzlinghot-slot.com\/\">https:\/\/sizzlinghot-slot.com\/<\/a><\/div>\n","protected":false},"excerpt":{"rendered":"<p>Journal of Innovations and Applied Statistics 2\/2025 ISSN 1338-5224 _____ Aktu\u00e1lne \u010d\u00edsla vedeck\u00e9ho internetov\u00e9ho \u010dasopisu 2\/2025\u00a0bolo aktualizovan\u00e9. Toto \u010d\u00edslo je zameran\u00e9 na publikovanie v\u00fdsledkov vedecko-v\u00fdskumnej \u010dinnosti vysoko\u0161kolsk\u00fdch pracovn\u00edkov. Pr\u00edspevky zasielajte na: redakcia.jias@euke.sk D\u00e1tum uz\u00e1vierky nasleduj\u00faceho \u010d\u00edsla (1\/2026): 30. j\u00fan 2026 _____ Aktu\u00e1lne \u010d\u00edslo: 2\/2025 fa fa fa slot online casino echtes geld online casino mit [&hellip;]<\/p>\n","protected":false},"author":2,"featured_media":0,"parent":0,"menu_order":1,"comment_status":"closed","ping_status":"closed","template":"","meta":{"footnotes":""},"class_list":["post-29","page","type-page","status-publish","hentry"],"_links":{"self":[{"href":"https:\/\/jias.euke.sk\/index.php?rest_route=\/wp\/v2\/pages\/29","targetHints":{"allow":["GET"]}}],"collection":[{"href":"https:\/\/jias.euke.sk\/index.php?rest_route=\/wp\/v2\/pages"}],"about":[{"href":"https:\/\/jias.euke.sk\/index.php?rest_route=\/wp\/v2\/types\/page"}],"author":[{"embeddable":true,"href":"https:\/\/jias.euke.sk\/index.php?rest_route=\/wp\/v2\/users\/2"}],"replies":[{"embeddable":true,"href":"https:\/\/jias.euke.sk\/index.php?rest_route=%2Fwp%2Fv2%2Fcomments&post=29"}],"version-history":[{"count":192,"href":"https:\/\/jias.euke.sk\/index.php?rest_route=\/wp\/v2\/pages\/29\/revisions"}],"predecessor-version":[{"id":18940,"href":"https:\/\/jias.euke.sk\/index.php?rest_route=\/wp\/v2\/pages\/29\/revisions\/18940"}],"wp:attachment":[{"href":"https:\/\/jias.euke.sk\/index.php?rest_route=%2Fwp%2Fv2%2Fmedia&parent=29"}],"curies":[{"name":"wp","href":"https:\/\/api.w.org\/{rel}","templated":true}]}}