{"id":2,"date":"2010-07-02T05:05:19","date_gmt":"2010-07-02T05:05:19","guid":{"rendered":"http:\/\/jias.euke.sk\/?page_id=2"},"modified":"2016-01-19T00:12:35","modified_gmt":"2016-01-18T22:12:35","slug":"about","status":"publish","type":"page","link":"https:\/\/jias.euke.sk\/?page_id=2","title":{"rendered":"Poslanie \u010dasopisu"},"content":{"rendered":"<p>JIAS je vedeck\u00fd on-line \u010dasopis Katedry kvantitat\u00edvnych met\u00f3d (predt\u00fdm Katedry hospod\u00e1rskej informatiky a matematiky) Podnikovohospod\u00e1rskej fakulty Ekonomickej univerzity v\u00a0Bratislave so s\u00eddlom v Ko\u0161iciach\u00a0publikovan\u00fd na adrese <a href=\"..\/\" target=\"_blank\">https:\/\/jias.euke.sk\/<\/a>. \u010casopis vych\u00e1dza 2x ro\u010dne a uverejnen\u00e9 pr\u00edspevky s\u00fa recenzovan\u00e9 nez\u00e1visl\u00fdmi odborn\u00edkmi. V \u010dasopise je mo\u017en\u00e9 publikova\u0165 recenzie a ohlasy na vedeck\u00e9 a odborn\u00e9 publik\u00e1cie, u\u010debnice, monografie a in\u00e9 odborn\u00e9 texty, ako aj spr\u00e1vy a inform\u00e1cie o pl\u00e1novan\u00fdch alebo uskuto\u010dnen\u00fdch podujatiach.<\/p>\n<p>Modern\u00e9 efekt\u00edvne syst\u00e9mov\u00e9 inova\u010dn\u00e9 postupy sa \u010doraz viacej opieraj\u00fa o\u00a0podporu exaktn\u00fdch hlavne \u0161tatistick\u00fdch met\u00f3d. Ka\u017ed\u00e1 etapa inova\u010dn\u00e9ho procesu je t\u00fdm viac \u201evedeck\u00e1\u201c, \u010d\u00edm viacej kvantitat\u00edvnych met\u00f3d je pou\u017eit\u00fdch pri overovan\u00ed jej funk\u010dnosti, \u010di dokazovan\u00ed jej efekt\u00edvnej implementovate\u013enosti v\u00a0praxi. Na druhej strane v\u00e4\u010d\u0161ina v\u00fdsledkov aplikovanej \u0161tatistiky rie\u0161i ot\u00e1zku implement\u00e1cie modelov z\u00e1kladn\u00e9ho v\u00fdskumu v\u00a0praxi, \u010d\u00edm vytv\u00e1ra znalostn\u00fa b\u00e1zu efekt\u00edvne vyu\u017eite\u013en\u00fa, okrem in\u00e9ho pri tvorbe inovat\u00edvnych kreat\u00edvnych n\u00e1vrhov, pri ktor\u00fdch in\u00e9 postupy zlyh\u00e1vaj\u00fa z\u00a0d\u00f4vodu nedostatku empirick\u00fdch sk\u00fasenost\u00ed.<\/p>\n<p>Je ur\u010den\u00fd \u010ditate\u013eom z\u00a0radov \u0161tatistikov, aplikovan\u00fdch \u0161tatistikov, teoretick\u00fdch inov\u00e1torov, riadiacich pracovn\u00edkov z\u00a0oblasti inov\u00e1cie, kon\u0161trukt\u00e9rov, n\u00e1vrh\u00e1rov, ale aj technol\u00f3gov vo v\u0161etk\u00fdch v\u00fdrobn\u00fdch, ale aj nev\u00fdrobn\u00fdch odvetviach. Pre praktikov by mal by\u0165 zdrojom inform\u00e1ci\u00ed o\u00a0najnov\u0161\u00edch vedeck\u00fdch poznatkoch, nov\u00fdch ide\u00e1ch, met\u00f3dach a\u00a0postupoch pou\u017eite\u013en\u00fdch pri inov\u00e1ci\u00e1ch v\u00a0najv\u0161eobecnej\u0161om slova zmysle, pre teoretikov \u017eriedlom in\u0161pir\u00e1cie o\u00a0mo\u017enosti vyu\u017eite\u013enosti ich znalost\u00ed v\u00a0konkr\u00e9tnych podmienkach v\u00fdrobnej i\u00a0nev\u00fdrobnej praxe. \u010clenovia redak\u010dnej rady \u010dasopisu maj\u00fa sk\u00fasenosti nielen v\u00a0teoretickej oblasti, ale aj pri praktickom implementovan\u00ed inova\u010dn\u00fdch postupov na b\u00e1ze aplikovan\u00fdch \u0161tatistick\u00fdch met\u00f3d v\u00a0praktick\u00fdch podmienkach hlavne stredoeur\u00f3pskych v\u00fdrobn\u00fdch i\u00a0slu\u017eby zabezpe\u010duj\u00facich podnikoch.<\/p>\n<p>Predlo\u017een\u00fd vedeck\u00fd on-line \u010dasopis JIAS m\u00e1 amb\u00edciu sta\u0165 sa vedeck\u00fdm diskusn\u00fdm f\u00f3rom v\u00a0predmetnej oblasti. \u010ci sa tak naozaj stane, z\u00e1vis\u00ed od V\u00e1s, v\u00e1\u017een\u00ed \u010ditatelia, resp. prispievatelia.<\/p>\n<p>Dr.h.c. prof. RNDr. Michal Tk\u00e1\u010d, CSc.<br \/>\npredseda redak\u010dnej rady<\/p>\n","protected":false},"excerpt":{"rendered":"<p>JIAS je vedeck\u00fd on-line \u010dasopis Katedry kvantitat\u00edvnych met\u00f3d (predt\u00fdm Katedry hospod\u00e1rskej informatiky a matematiky) Podnikovohospod\u00e1rskej fakulty Ekonomickej univerzity v\u00a0Bratislave so s\u00eddlom v Ko\u0161iciach\u00a0publikovan\u00fd na adrese https:\/\/jias.euke.sk\/. \u010casopis vych\u00e1dza 2x ro\u010dne a uverejnen\u00e9 pr\u00edspevky s\u00fa recenzovan\u00e9 nez\u00e1visl\u00fdmi odborn\u00edkmi. V \u010dasopise je mo\u017en\u00e9 publikova\u0165 recenzie a ohlasy na vedeck\u00e9 a odborn\u00e9 publik\u00e1cie, u\u010debnice, monografie a in\u00e9 odborn\u00e9 [&hellip;]<\/p>\n","protected":false},"author":1,"featured_media":0,"parent":0,"menu_order":0,"comment_status":"closed","ping_status":"open","template":"","meta":{"footnotes":""},"class_list":["post-2","page","type-page","status-publish","hentry"],"_links":{"self":[{"href":"https:\/\/jias.euke.sk\/index.php?rest_route=\/wp\/v2\/pages\/2","targetHints":{"allow":["GET"]}}],"collection":[{"href":"https:\/\/jias.euke.sk\/index.php?rest_route=\/wp\/v2\/pages"}],"about":[{"href":"https:\/\/jias.euke.sk\/index.php?rest_route=\/wp\/v2\/types\/page"}],"author":[{"embeddable":true,"href":"https:\/\/jias.euke.sk\/index.php?rest_route=\/wp\/v2\/users\/1"}],"replies":[{"embeddable":true,"href":"https:\/\/jias.euke.sk\/index.php?rest_route=%2Fwp%2Fv2%2Fcomments&post=2"}],"version-history":[{"count":8,"href":"https:\/\/jias.euke.sk\/index.php?rest_route=\/wp\/v2\/pages\/2\/revisions"}],"predecessor-version":[{"id":317,"href":"https:\/\/jias.euke.sk\/index.php?rest_route=\/wp\/v2\/pages\/2\/revisions\/317"}],"wp:attachment":[{"href":"https:\/\/jias.euke.sk\/index.php?rest_route=%2Fwp%2Fv2%2Fmedia&parent=2"}],"curies":[{"name":"wp","href":"https:\/\/api.w.org\/{rel}","templated":true}]}}