{"id":12,"date":"2010-07-02T06:18:52","date_gmt":"2010-07-02T06:18:52","guid":{"rendered":"http:\/\/jias.euke.sk\/?page_id=12"},"modified":"2014-06-16T10:14:48","modified_gmt":"2014-06-16T08:14:48","slug":"kontakty","status":"publish","type":"page","link":"https:\/\/jias.euke.sk\/?page_id=12","title":{"rendered":"Kontakty"},"content":{"rendered":"<p><strong>Vydavate\u013e<\/strong><\/p>\n<p>Ekonomick\u00e1 univerzita v Bratislave<br \/>\nPodnikovohospod\u00e1rska fakulta so s\u00eddlom v Ko\u0161iciach<br \/>\nKatedra kvantitat\u00edvnych met\u00f3d<br \/>\nTajovsk\u00e9ho 11<br \/>\n041 30\u00a0 Ko\u0161ice<\/p>\n<p>e-mail: redakcia.jias@euke.sk<\/p>\n","protected":false},"excerpt":{"rendered":"<p>Vydavate\u013e Ekonomick\u00e1 univerzita v Bratislave Podnikovohospod\u00e1rska fakulta so s\u00eddlom v Ko\u0161iciach Katedra kvantitat\u00edvnych met\u00f3d Tajovsk\u00e9ho 11 041 30\u00a0 Ko\u0161ice e-mail: redakcia.jias@euke.sk<\/p>\n","protected":false},"author":1,"featured_media":0,"parent":0,"menu_order":5,"comment_status":"closed","ping_status":"open","template":"","meta":{"footnotes":""},"class_list":["post-12","page","type-page","status-publish","hentry"],"_links":{"self":[{"href":"https:\/\/jias.euke.sk\/index.php?rest_route=\/wp\/v2\/pages\/12","targetHints":{"allow":["GET"]}}],"collection":[{"href":"https:\/\/jias.euke.sk\/index.php?rest_route=\/wp\/v2\/pages"}],"about":[{"href":"https:\/\/jias.euke.sk\/index.php?rest_route=\/wp\/v2\/types\/page"}],"author":[{"embeddable":true,"href":"https:\/\/jias.euke.sk\/index.php?rest_route=\/wp\/v2\/users\/1"}],"replies":[{"embeddable":true,"href":"https:\/\/jias.euke.sk\/index.php?rest_route=%2Fwp%2Fv2%2Fcomments&post=12"}],"version-history":[{"count":5,"href":"https:\/\/jias.euke.sk\/index.php?rest_route=\/wp\/v2\/pages\/12\/revisions"}],"predecessor-version":[{"id":26,"href":"https:\/\/jias.euke.sk\/index.php?rest_route=\/wp\/v2\/pages\/12\/revisions\/26"}],"wp:attachment":[{"href":"https:\/\/jias.euke.sk\/index.php?rest_route=%2Fwp%2Fv2%2Fmedia&parent=12"}],"curies":[{"name":"wp","href":"https:\/\/api.w.org\/{rel}","templated":true}]}}