{"id":10,"date":"2010-07-02T06:18:36","date_gmt":"2010-07-02T06:18:36","guid":{"rendered":"http:\/\/jias.euke.sk\/?page_id=10"},"modified":"2025-12-11T14:31:14","modified_gmt":"2025-12-11T12:31:14","slug":"archiv","status":"publish","type":"page","link":"https:\/\/jias.euke.sk\/?page_id=10","title":{"rendered":"Arch\u00edv"},"content":{"rendered":"<p><strong>V\u00e1\u017een\u00ed \u010ditatelia a prispievatelia, v arch\u00edve si m\u00f4\u017eete prezrie\u0165 vedeck\u00e9 \u010dl\u00e1nky uverejnen\u00e9 v predo\u0161l\u00fdch ro\u010dn\u00edkoch a \u010d\u00edslach \u010dasopisu. <\/strong><\/p>\n<p><strong>\u010d\u00edslo: <a href=\"https:\/\/jias.euke.sk\/?attachment_id=157\" target=\"_blank\" rel=\"attachment noopener wp-att-157\">1\/2011<\/a> <\/strong><br \/>\n<strong>\u010d\u00edslo: <a href=\"https:\/\/jias.euke.sk\/?attachment_id=168\" target=\"_blank\" rel=\"attachment noopener wp-att-168\">1\/2012<\/a> <\/strong><br \/>\n<strong>\u010d\u00edslo: <a href=\"https:\/\/jias.euke.sk\/?attachment_id=173\" target=\"_blank\" rel=\"attachment noopener wp-att-173\">2\/2012<\/a> <\/strong><br \/>\n<strong>\u010d\u00edslo: <a href=\"https:\/\/jias.euke.sk\/?attachment_id=229\" target=\"_blank\" rel=\"attachment noopener wp-att-229\">1\/2013<\/a> <\/strong><br \/>\n<strong>\u010d\u00edslo: <a href=\"https:\/\/jias.euke.sk\/?attachment_id=230\" target=\"_blank\" rel=\"attachment noopener wp-att-230\">2\/2013<\/a> <\/strong><br \/>\n<strong>\u010d\u00edslo: <a href=\"https:\/\/jias.euke.sk\/?attachment_id=256\" target=\"_blank\" rel=\"attachment noopener wp-att-256\">1\/2014<\/a> <\/strong><br \/>\n<strong>\u010d\u00edslo: <a href=\"https:\/\/jias.euke.sk\/?attachment_id=307\" target=\"_blank\" rel=\"attachment noopener wp-att-307\">2\/2014<br \/>\n<\/a>\u010d\u00edslo:\u00a0<a href=\"https:\/\/jias.euke.sk\/?attachment_id=318\" target=\"_blank\" rel=\"noopener\">1\/2015<br \/>\n<\/a><\/strong><span style=\"font-weight: bold;\">\u010d\u00edslo: <\/span><strong><a href=\"https:\/\/jias.euke.sk\/wp-content\/uploads\/2016\/02\/2_2015.pdf\">2\/2015<br \/>\n<\/a>\u010d\u00edslo: <a href=\"https:\/\/jias.euke.sk\/wp-content\/uploads\/2011\/03\/1_2016.pdf\" target=\"_blank\" rel=\"noopener\">1\/2016<br \/>\n<\/a>\u010d\u00edslo: <a href=\"https:\/\/jias.euke.sk\/wp-content\/uploads\/2017\/02\/JIAS-2016-No-2.pdf\" target=\"_blank\" rel=\"noopener\">2\/2016<br \/>\n<\/a>\u010d\u00edslo:\u00a0<a href=\"https:\/\/jias.euke.sk\/wp-content\/uploads\/2017\/09\/JIAS-2017-No-1.pdf\" target=\"_blank\" rel=\"noopener\">1\/2017<\/a><br \/>\n\u010d\u00edslo:\u00a0<a href=\"https:\/\/jias.euke.sk\/wp-content\/uploads\/2018\/01\/JIAS-2017-No-2.pdf\" target=\"_blank\" rel=\"noopener\">2\/2017<br \/>\n<\/a>\u010d\u00edslo: <\/strong><a style=\"font-weight: bold;\" href=\"https:\/\/jias.euke.sk\/wp-content\/uploads\/2019\/01\/JIAS-2018-No-1.pdf\" target=\"_blank\" rel=\"noopener\"><strong>1\/2018<\/strong><br \/>\n<\/a><strong>\u010d\u00edslo: <a href=\"https:\/\/jias.euke.sk\/wp-content\/uploads\/2019\/05\/JIAS-2018-No-2.pdf\" target=\"_blank\" rel=\"noopener\">2\/2018<br \/>\n<\/a> \u010d\u00edslo: <a href=\"https:\/\/jias.euke.sk\/wp-content\/uploads\/2020\/01\/JIAS-2019-No-1.pdf\" target=\"_blank\" rel=\"noopener\">1\/2019<br \/>\n<\/a>\u010d\u00edslo:\u00a0<a href=\"https:\/\/jias.euke.sk\/wp-content\/uploads\/2020\/01\/JIAS-2019-No-2.pdf\" target=\"_blank\" rel=\"noopener\">2\/2019<\/a><br \/>\n\u010d\u00edslo:\u00a0<a href=\"https:\/\/jias.euke.sk\/wp-content\/uploads\/2021\/01\/JIAS-2020-No-1.pdf\" target=\"_blank\" rel=\"noopener\">1\/2020<\/a><br \/>\n\u010d\u00edslo:\u00a0<a href=\"https:\/\/jias.euke.sk\/wp-content\/uploads\/2021\/01\/JIAS-2020-No-2.pdf\" target=\"_blank\" rel=\"noopener\">2\/2020<br \/>\n<\/a>\u010d\u00edslo: <a href=\"https:\/\/jias.euke.sk\/wp-content\/uploads\/2022\/01\/JIAS-2021-No-1-2.pdf\" target=\"_blank\" rel=\"noopener\">1-2\/2021<\/a><br \/>\n\u010d\u00edslo: <a href=\"https:\/\/jias.euke.sk\/wp-content\/uploads\/2023\/01\/JIAS-2022-No-1-2.pdf\" target=\"_blank\" rel=\"noopener\">1-2\/2022<\/a><br \/>\n\u010d\u00edslo: <a href=\"https:\/\/jias.euke.sk\/wp-content\/uploads\/2023\/08\/JIAS-2023-No-1.pdf\" target=\"_blank\" rel=\"noopener\">1\/2023<\/a><br \/>\n\u010d\u00edslo: <a href=\"https:\/\/jias.euke.sk\/wp-content\/uploads\/2024\/01\/JIAS-2023-No-2.pdf\" target=\"_blank\" rel=\"noopener\">2\/2023<\/a><br \/>\n\u010d\u00edslo: <a href=\"https:\/\/jias.euke.sk\/wp-content\/uploads\/2025\/01\/JIAS-2024-No-1-2.pdf\" target=\"_blank\" rel=\"noopener\">1-2\/2024<\/a><br \/>\n\u010d\u00edslo: <a href=\"https:\/\/jias.euke.sk\/wp-content\/uploads\/2025\/12\/JIAS-2025-No-1.pdf\">1\/2025<\/a><\/strong><\/p>\n","protected":false},"excerpt":{"rendered":"<p>V\u00e1\u017een\u00ed \u010ditatelia a prispievatelia, v arch\u00edve si m\u00f4\u017eete prezrie\u0165 vedeck\u00e9 \u010dl\u00e1nky uverejnen\u00e9 v predo\u0161l\u00fdch ro\u010dn\u00edkoch a \u010d\u00edslach \u010dasopisu. \u010d\u00edslo: 1\/2011 \u010d\u00edslo: 1\/2012 \u010d\u00edslo: 2\/2012 \u010d\u00edslo: 1\/2013 \u010d\u00edslo: 2\/2013 \u010d\u00edslo: 1\/2014 \u010d\u00edslo: 2\/2014 \u010d\u00edslo:\u00a01\/2015 \u010d\u00edslo: 2\/2015 \u010d\u00edslo: 1\/2016 \u010d\u00edslo: 2\/2016 \u010d\u00edslo:\u00a01\/2017 \u010d\u00edslo:\u00a02\/2017 \u010d\u00edslo: 1\/2018 \u010d\u00edslo: 2\/2018 \u010d\u00edslo: 1\/2019 \u010d\u00edslo:\u00a02\/2019 \u010d\u00edslo:\u00a01\/2020 \u010d\u00edslo:\u00a02\/2020 \u010d\u00edslo: 1-2\/2021 \u010d\u00edslo: 1-2\/2022 \u010d\u00edslo: [&hellip;]<\/p>\n","protected":false},"author":1,"featured_media":0,"parent":0,"menu_order":4,"comment_status":"closed","ping_status":"open","template":"","meta":{"footnotes":""},"class_list":["post-10","page","type-page","status-publish","hentry"],"_links":{"self":[{"href":"https:\/\/jias.euke.sk\/index.php?rest_route=\/wp\/v2\/pages\/10","targetHints":{"allow":["GET"]}}],"collection":[{"href":"https:\/\/jias.euke.sk\/index.php?rest_route=\/wp\/v2\/pages"}],"about":[{"href":"https:\/\/jias.euke.sk\/index.php?rest_route=\/wp\/v2\/types\/page"}],"author":[{"embeddable":true,"href":"https:\/\/jias.euke.sk\/index.php?rest_route=\/wp\/v2\/users\/1"}],"replies":[{"embeddable":true,"href":"https:\/\/jias.euke.sk\/index.php?rest_route=%2Fwp%2Fv2%2Fcomments&post=10"}],"version-history":[{"count":133,"href":"https:\/\/jias.euke.sk\/index.php?rest_route=\/wp\/v2\/pages\/10\/revisions"}],"predecessor-version":[{"id":18935,"href":"https:\/\/jias.euke.sk\/index.php?rest_route=\/wp\/v2\/pages\/10\/revisions\/18935"}],"wp:attachment":[{"href":"https:\/\/jias.euke.sk\/index.php?rest_route=%2Fwp%2Fv2%2Fmedia&parent=10"}],"curies":[{"name":"wp","href":"https:\/\/api.w.org\/{rel}","templated":true}]}}